{"id":199,"date":"2014-10-28T23:24:52","date_gmt":"2014-10-28T22:24:52","guid":{"rendered":"http:\/\/127.0.0.1\/wordpress\/?page_id=199"},"modified":"2015-01-20T00:37:04","modified_gmt":"2015-01-19T23:37:04","slug":"la-mia-filosofia","status":"publish","type":"page","link":"https:\/\/serafinimedical.it\/wordpress\/la-mia-filosofia\/","title":{"rendered":"La mia filosofia"},"content":{"rendered":"<p>&nbsp;<\/p>\n<p>Nel mio modo di lavorare non vi sono canoni estetici predefiniti, n\u00e9 rigide linee guida o standard prefissati, ma armonia e accordo della visione d\u2019insieme.<\/p>\n<p><strong>La bellezza<\/strong> non \u00e8 designata da un canone fisso o da un opinione comune prevalente, ma \u00e8 <strong>sinergia tra armonia ed equilibrio, tra estetica e benessere, tra esteriorit\u00e0 ed interiorit\u00e0<\/strong>.<\/p>\n<p>Il concetto di bellezza muta sotto i nostri occhi continuamente, fino a pochi anni fa il mito del viso perfetto coincideva con un tutto liscio, tirato e senza una ruga.<\/p>\n<p>Quindi per ridare nuova freschezza al viso si doveva ricorrere al bisturi, che lasciava visi congelati in una espressione innaturale.<\/p>\n<p>Oggi il canone di bellezza si basa su un aggiustamento dimensionale, non si vuole pi\u00f9 stirare le rughe ma si ridiscute l\u2019estetica dei volumi del viso, il cosidetto \u201crestorning\u201d.<\/p>\n<p>Si parla quindi di \u201cneotenia\u201d che etimologicamente significa: <strong>prolungamento della giovent\u00f9<\/strong>.<\/p>\n<p>Recenti ricerche sulla dinamica dell\u2019invecchiamento del viso mettono in evidenza che i contorni del viso cedono per lo pi\u00f9 per l\u2019assottigliarsi del grasso sottocutaneo, il mio obiettivo \u00e8 aiutare le persone a correggere quelle leggere imperfezioni che limitano la voglia di piacersi e piacere, cerco di far sentire le persone sicure e a proprio agio con il proprio corpo senza mutarne l\u2019 unicit\u00e0 e la particolarit\u00e0.<\/p>\n<p>Da anni ho la passione della lavorazione della creta, modello le mie sculture con attenzione ed estrema delicatezza, e come la creta, il viso deve essere curato e toccato con estremo tatto. Un viso femminile \u00e8 una risorsa, un\u2019opera d\u2019arte che deve esser ammirata ad ogni et\u00e0 e in ogni suo caratteristico tratto.<\/p>\n<p>Nel mio <em>modus operandi<\/em> non rincorro a mode passeggere o volgari tendenze del momento, bens\u00ec il mio \u00e8 un amore innato per la bellezza femminile, per l\u2019estetica pulita e neutra.<\/p>\n<p><strong>La parola d\u2019ordine \u00e8 naturalezza<\/strong>: armonizzare le caratteristiche di un viso, di un corpo, senza stravolgerlo o mutarlo in ci\u00f2 che non \u00e8. Aiuto le persone ad accettare il naturale flusso degli anni senza per\u00f2 disperarsene, bens\u00ec accogliendo lentamente l\u2019immagine di noi stessi che maturiamo; a passi lenti esalto un viso che fiorisce verso la maturit\u00e0 della vita.<\/p>\n<p><strong>La medicina estetica aiuta le persone ad invecchiare meglio e a risolvere spesso problemi di dimorfismo senza necessariamente ricorrere alla chirurgia<\/strong>.<\/p>\n<p>Ritengo che si debba essere un <strong>buon ascoltatore e un giusto mediatore<\/strong> alle necessit\u00e0 delle pazienti, qualche volta distogliendole da richieste di certe mode discutibili.<\/p>\n<p>Ridare plasticit\u00e0 ad un volto \u00e8 un lavoro minuzioso che richiede attento studio, estrema attenzione, professionalit\u00e0 medica e grande sensibilit\u00e0 estetica.<\/p>\n","protected":false},"excerpt":{"rendered":"<p>&nbsp; Nel mio modo di lavorare non vi sono canoni estetici predefiniti, n\u00e9 rigide linee guida o standard prefissati, ma armonia e accordo della visione d\u2019insieme. La bellezza non \u00e8 designata da un canone fisso o da un opinione comune prevalente, ma \u00e8 sinergia tra armonia ed equilibrio, tra estetica [&hellip;]<\/p>\n","protected":false},"author":1,"featured_media":0,"parent":0,"menu_order":0,"comment_status":"closed","ping_status":"closed","template":"","meta":{"footnotes":""},"class_list":["post-199","page","type-page","status-publish","hentry"],"_links":{"self":[{"href":"https:\/\/serafinimedical.it\/wordpress\/wp-json\/wp\/v2\/pages\/199","targetHints":{"allow":["GET"]}}],"collection":[{"href":"https:\/\/serafinimedical.it\/wordpress\/wp-json\/wp\/v2\/pages"}],"about":[{"href":"https:\/\/serafinimedical.it\/wordpress\/wp-json\/wp\/v2\/types\/page"}],"author":[{"embeddable":true,"href":"https:\/\/serafinimedical.it\/wordpress\/wp-json\/wp\/v2\/users\/1"}],"replies":[{"embeddable":true,"href":"https:\/\/serafinimedical.it\/wordpress\/wp-json\/wp\/v2\/comments?post=199"}],"version-history":[{"count":3,"href":"https:\/\/serafinimedical.it\/wordpress\/wp-json\/wp\/v2\/pages\/199\/revisions"}],"predecessor-version":[{"id":244,"href":"https:\/\/serafinimedical.it\/wordpress\/wp-json\/wp\/v2\/pages\/199\/revisions\/244"}],"wp:attachment":[{"href":"https:\/\/serafinimedical.it\/wordpress\/wp-json\/wp\/v2\/media?parent=199"}],"curies":[{"name":"wp","href":"https:\/\/api.w.org\/{rel}","templated":true}]}}